{"id":40,"date":"2026-02-10T20:33:42","date_gmt":"2026-02-10T20:33:42","guid":{"rendered":"https:\/\/poetas01.webparaprueba.com\/?page_id=40"},"modified":"2026-03-27T21:59:15","modified_gmt":"2026-03-28T03:59:15","slug":"acerca-de","status":"publish","type":"page","link":"https:\/\/poetas01.webparaprueba.com\/inicio\/?page_id=40","title":{"rendered":"Sobre nosotros"},"content":{"rendered":"\n<p><\/p>\n\n\n\n<figure class=\"wp-block-image size-full\"><img loading=\"lazy\" decoding=\"async\" width=\"936\" height=\"242\" src=\"https:\/\/poetas01.webparaprueba.com\/wp-content\/uploads\/2026\/03\/grupoANIPCrec.jpg\" alt=\"\" class=\"wp-image-303\" srcset=\"https:\/\/poetas01.webparaprueba.com\/wp-content\/uploads\/2026\/03\/grupoANIPCrec.jpg 936w, https:\/\/poetas01.webparaprueba.com\/wp-content\/uploads\/2026\/03\/grupoANIPCrec-600x155.jpg 600w, https:\/\/poetas01.webparaprueba.com\/wp-content\/uploads\/2026\/03\/grupoANIPCrec-300x78.jpg 300w, https:\/\/poetas01.webparaprueba.com\/wp-content\/uploads\/2026\/03\/grupoANIPCrec-768x199.jpg 768w\" sizes=\"auto, (max-width: 936px) 100vw, 936px\" \/><\/figure>\n\n\n\n<p style=\"font-size:clamp(0.875rem, 0.875rem + ((1vw - 0.2rem) * 0.208), 1rem);\"><br><strong>Misi\u00f3n<\/strong><br>Aportar un espacio a la Poes\u00eda y la m\u00e9trica cl\u00e1sica y contempor\u00e1nea, evitar que pierda su esencia fundamental, por lo que se ha distinguido, tanto en las lenguas antiguas como en las modernas, privilegiando El ritmo.<br>Ritmo que se manifiesta en la cadencia y la musicalidad.<br>Ya desde la antig\u00fcedad, el verso griego, el latino y el del s\u00e1nscrito basaban su m\u00e9trica en la oposici\u00f3n de las s\u00edlabas largas y breves.<br>\u201cHasta los ni\u00f1os saben que una larga vale dos tiempos; una breve, uno\u201d dice Quintiliano en su Institutio oratoria.<br>Desde sus or\u00edgenes, pues, la poes\u00eda naci\u00f3 ligada a la m\u00fasica. La llamada \u201cpoes\u00eda l\u00edrica\u201d se cantaba acompa\u00f1ada de liras. Con el paso del tiempo, cobr\u00f3 vida aut\u00f3noma y se desenvolvi\u00f3 sin someterse necesaria- mente a los dictados musicales.<br>En ausencia del soporte de la m\u00fasica, debi\u00f3 desarrollar su propia cadencia y su propio ritmo, que alcanz\u00f3, a partir del Siglo de Oro, rango de arte sublime. La poes\u00eda se convirti\u00f3 en r\u00edtmica y en su propia m\u00fasica. Ya se trate de las elaboradas met\u00e1foras del culteranismo como de los versos francos del sencill\u00edsimo, el fin es siempre el mismo.<\/p>\n\n\n\n<p><\/p>\n\n\n\n<div style=\"height:25px\" aria-hidden=\"true\" class=\"wp-block-spacer\"><\/div>\n\n\n\n<p class=\"has-medium-font-size\"><strong>\u00bfQui\u00e9nes somos?<\/strong> <\/p>\n\n\n\n\n\n<p class=\"has-medium-font-size\">Academia Nacional e Internacional de la Poes\u00eda.<\/p>\n\n\n\n<div style=\"height:17px\" aria-hidden=\"true\" class=\"wp-block-spacer\"><\/div>\n\n\n\n<p class=\"has-medium-font-size\"><strong>SEDE COYOAC\u00c1N<\/strong> <\/p>\n\n\n\n\n\n<p class=\"has-medium-font-size\">La Ilustre y Benem\u00e9rita Sociedad Mexicana de Geograf\u00eda y Estad\u00edstica, fue fundada el 18 de abril de 1833 con el apoyo del entonces presidente de M\u00e9xico Valent\u00edn G\u00f3mez Far\u00edas, lo que signific\u00f3 que fuera la primera sociedad cient\u00edfica y cultural en Am\u00e9rica y la cuarta en el mundo con estas caracter\u00edsticas. A la fecha, cumple ya con 189 a\u00f1os de destacada labor y trayectoria. Su trascendencia est\u00e1 impl\u00edcitamente ligada a ilustres personajes y hechos notablemente registrados en la historia de nuestro Pa\u00eds. Esta Sociedad, integrada por hombres y mujeres de excelencia con rango acad\u00e9mico, se compone de 58 sociedades an\u00e1logas y 28 Academias especializadas que realizan importantes actividades a favor de la ciencia y la cultura; brindando con ello un loable servicio en beneficio de la Patria. Actualmente, la preside el Dr. Hugo Castro Aranda. <\/p>\n\n\n\n<p class=\"has-medium-font-size\">De las filas de la Sociedad Mexicana de Geograf\u00eda y Estad\u00edstica, surge la emblem\u00e1tica figura del Maestro Sergio Morett Manjarrez, fundador y Presidente de la Academia Nacional de Poes\u00eda, el cual ha conjuntado un valioso equipo de colaboradores con quienes lleva a cabo un magno esfuerzo de integraci\u00f3n de sedes de la Academia Nacional de Poes\u00eda a lo largo y ancho de la Rep\u00fablica Mexicana; as\u00ed como otras filiales estrat\u00e9gicas a nivel internacional. <\/p>\n\n\n\n<p class=\"has-medium-font-size\">Este espacio da muestra sustanciosa del fruto eterno que surge del esfuerzo conjunto, de la fraternidad po\u00e9tica; logro distintivo e inconfundible del liderazgo y labor human\u00edstica del Maestro Sergio Morett Manjarrez como Presidente de la Academia Nacional de la Poes\u00eda A.C de la Ilustre y Benem\u00e9rita Sociedad Mexicana de Geograf\u00eda y Estad\u00edstica. <\/p>\n\n\n\n<p class=\"has-medium-font-size\"><\/p>\n\n\n\n<p><\/p>\n\n\n\n<p><\/p>\n\n\n\n<p><\/p>\n","protected":false},"excerpt":{"rendered":"<p>Misi\u00f3nAportar un espacio a la Poes\u00eda y la m\u00e9trica cl\u00e1sica y contempor\u00e1nea, evitar que pierda su esencia fundamental, por lo que se ha distinguido, tanto en las lenguas antiguas como en las modernas, privilegiando El ritmo.Ritmo que se manifiesta en la cadencia y la musicalidad.Ya desde la antig\u00fcedad, el verso griego, el latino y el [&hellip;]<\/p>\n","protected":false},"author":1,"featured_media":0,"parent":0,"menu_order":0,"comment_status":"closed","ping_status":"closed","template":"","meta":{"footnotes":""},"class_list":["post-40","page","type-page","status-publish","hentry"],"_links":{"self":[{"href":"https:\/\/poetas01.webparaprueba.com\/inicio\/index.php?rest_route=\/wp\/v2\/pages\/40","targetHints":{"allow":["GET"]}}],"collection":[{"href":"https:\/\/poetas01.webparaprueba.com\/inicio\/index.php?rest_route=\/wp\/v2\/pages"}],"about":[{"href":"https:\/\/poetas01.webparaprueba.com\/inicio\/index.php?rest_route=\/wp\/v2\/types\/page"}],"author":[{"embeddable":true,"href":"https:\/\/poetas01.webparaprueba.com\/inicio\/index.php?rest_route=\/wp\/v2\/users\/1"}],"replies":[{"embeddable":true,"href":"https:\/\/poetas01.webparaprueba.com\/inicio\/index.php?rest_route=%2Fwp%2Fv2%2Fcomments&post=40"}],"version-history":[{"count":43,"href":"https:\/\/poetas01.webparaprueba.com\/inicio\/index.php?rest_route=\/wp\/v2\/pages\/40\/revisions"}],"predecessor-version":[{"id":481,"href":"https:\/\/poetas01.webparaprueba.com\/inicio\/index.php?rest_route=\/wp\/v2\/pages\/40\/revisions\/481"}],"wp:attachment":[{"href":"https:\/\/poetas01.webparaprueba.com\/inicio\/index.php?rest_route=%2Fwp%2Fv2%2Fmedia&parent=40"}],"curies":[{"name":"wp","href":"https:\/\/api.w.org\/{rel}","templated":true}]}}