{"id":413,"date":"2026-03-26T21:22:17","date_gmt":"2026-03-27T03:22:17","guid":{"rendered":"https:\/\/poetas01.webparaprueba.com\/inicio\/?page_id=413"},"modified":"2026-03-30T20:06:25","modified_gmt":"2026-03-31T02:06:25","slug":"directorio","status":"publish","type":"page","link":"https:\/\/poetas01.webparaprueba.com\/inicio\/?page_id=413","title":{"rendered":"Directorio"},"content":{"rendered":"\n<figure class=\"wp-block-image size-full\"><img loading=\"lazy\" decoding=\"async\" width=\"936\" height=\"242\" src=\"https:\/\/poetas01.webparaprueba.com\/wp-content\/uploads\/2026\/03\/grupoANIPCrec.jpg\" alt=\"\" class=\"wp-image-303\" srcset=\"https:\/\/poetas01.webparaprueba.com\/wp-content\/uploads\/2026\/03\/grupoANIPCrec.jpg 936w, https:\/\/poetas01.webparaprueba.com\/wp-content\/uploads\/2026\/03\/grupoANIPCrec-600x155.jpg 600w, https:\/\/poetas01.webparaprueba.com\/wp-content\/uploads\/2026\/03\/grupoANIPCrec-300x78.jpg 300w, https:\/\/poetas01.webparaprueba.com\/wp-content\/uploads\/2026\/03\/grupoANIPCrec-768x199.jpg 768w\" sizes=\"auto, (max-width: 936px) 100vw, 936px\" \/><\/figure>\n\n\n\n<p><br><strong>Presidente<\/strong><br>Dr. Alejandro Jim\u00e9nez Guti\u00e9rrez<br><strong>Vicepresidente<\/strong><br>Dr. Miguel \u00c1ngel Granados Atlaco<br><strong>Tesorera<\/strong><br>Mtra. Mar\u00eda Teresa Rivas<br><strong>Secretar\u00eda<\/strong><br>Mtra. Adriana Mart\u00ednez P\u00e9rez<br><strong>Vocal<\/strong><br>Mar\u00eda Teresa Morales V\u00e1zquez<br><strong>Vocal<\/strong><br>Mtra. Ana Nicolai Deza<br><strong>Vocal<\/strong><br>Mtro. Miguel \u00c1ngel Rodea Romero<br><strong>Vocal<\/strong><br>Dr. en Ing. Mario Pacchiano de la Garza<\/p>\n","protected":false},"excerpt":{"rendered":"<p>PresidenteDr. Alejandro Jim\u00e9nez Guti\u00e9rrezVicepresidenteDr. Miguel \u00c1ngel Granados AtlacoTesoreraMtra. Mar\u00eda Teresa RivasSecretar\u00edaMtra. Adriana Mart\u00ednez P\u00e9rezVocalMar\u00eda Teresa Morales V\u00e1zquezVocalMtra. Ana Nicolai DezaVocalMtro. Miguel \u00c1ngel Rodea RomeroVocalDr. en Ing. Mario Pacchiano de la Garza<\/p>\n","protected":false},"author":2,"featured_media":0,"parent":0,"menu_order":0,"comment_status":"closed","ping_status":"closed","template":"","meta":{"footnotes":""},"class_list":["post-413","page","type-page","status-publish","hentry"],"_links":{"self":[{"href":"https:\/\/poetas01.webparaprueba.com\/inicio\/index.php?rest_route=\/wp\/v2\/pages\/413","targetHints":{"allow":["GET"]}}],"collection":[{"href":"https:\/\/poetas01.webparaprueba.com\/inicio\/index.php?rest_route=\/wp\/v2\/pages"}],"about":[{"href":"https:\/\/poetas01.webparaprueba.com\/inicio\/index.php?rest_route=\/wp\/v2\/types\/page"}],"author":[{"embeddable":true,"href":"https:\/\/poetas01.webparaprueba.com\/inicio\/index.php?rest_route=\/wp\/v2\/users\/2"}],"replies":[{"embeddable":true,"href":"https:\/\/poetas01.webparaprueba.com\/inicio\/index.php?rest_route=%2Fwp%2Fv2%2Fcomments&post=413"}],"version-history":[{"count":3,"href":"https:\/\/poetas01.webparaprueba.com\/inicio\/index.php?rest_route=\/wp\/v2\/pages\/413\/revisions"}],"predecessor-version":[{"id":482,"href":"https:\/\/poetas01.webparaprueba.com\/inicio\/index.php?rest_route=\/wp\/v2\/pages\/413\/revisions\/482"}],"wp:attachment":[{"href":"https:\/\/poetas01.webparaprueba.com\/inicio\/index.php?rest_route=%2Fwp%2Fv2%2Fmedia&parent=413"}],"curies":[{"name":"wp","href":"https:\/\/api.w.org\/{rel}","templated":true}]}}