{"id":7,"date":"2026-02-10T18:22:14","date_gmt":"2026-02-10T18:22:14","guid":{"rendered":"https:\/\/poetas01.webparaprueba.com\/?page_id=7"},"modified":"2026-04-10T19:22:25","modified_gmt":"2026-04-11T01:22:25","slug":"contacto","status":"publish","type":"page","link":"https:\/\/poetas01.webparaprueba.com\/inicio\/?page_id=7","title":{"rendered":"Contacto"},"content":{"rendered":"\n<p style=\"font-size:clamp(0.984rem, 0.984rem + ((1vw - 0.2rem) * 0.86), 1.5rem);\"><strong>Domicilio:<\/strong><\/p>\n\n\n\n<p style=\"font-size:clamp(0.984rem, 0.984rem + ((1vw - 0.2rem) * 0.86), 1.5rem);\">Dr. Lucio 102, P.B. Despachos del 8 al 28,<\/p>\n\n\n\n<p style=\"font-size:clamp(0.984rem, 0.984rem + ((1vw - 0.2rem) * 0.86), 1.5rem);\">Col. Doctores, Alcald\u00eda Cuauht\u00e9moc. C.P. 06720<\/p>\n\n\n\n<p style=\"font-size:clamp(0.984rem, 0.984rem + ((1vw - 0.2rem) * 0.86), 1.5rem);\">Ciudad de M\u00e9xico.<\/p>\n\n\n\n<p style=\"font-size:clamp(0.984rem, 0.984rem + ((1vw - 0.2rem) * 0.86), 1.5rem);\"><\/p>\n\n\n\n<div style=\"height:40px\" aria-hidden=\"true\" class=\"wp-block-spacer\"><\/div>\n\n\n\n<p style=\"font-size:clamp(0.984rem, 0.984rem + ((1vw - 0.2rem) * 0.86), 1.5rem);\"><strong>Tel\u00e9fonos:<\/strong><\/p>\n\n\n\n<p><\/p>\n\n\n\n<p style=\"font-size: 1.4rem; padding-left: 80px;\">55 5588 1871<\/p>\n\n\n\n<p style=\"font-size: 1.4rem; padding-left: 80px;\">55 5588 1772<\/p>\n\n\n\n<p style=\"font-size: 1.4rem; padding-left: 80px;\">55 5578 3004<\/p>\n","protected":false},"excerpt":{"rendered":"<p>Domicilio: Dr. Lucio 102, P.B. Despachos del 8 al 28, Col. Doctores, Alcald\u00eda Cuauht\u00e9moc. C.P. 06720 Ciudad de M\u00e9xico. Tel\u00e9fonos: 55 5588 1871 55 5588 1772 55 5578 3004<\/p>\n","protected":false},"author":1,"featured_media":0,"parent":0,"menu_order":0,"comment_status":"closed","ping_status":"closed","template":"","meta":{"footnotes":""},"class_list":["post-7","page","type-page","status-publish","hentry"],"_links":{"self":[{"href":"https:\/\/poetas01.webparaprueba.com\/inicio\/index.php?rest_route=\/wp\/v2\/pages\/7","targetHints":{"allow":["GET"]}}],"collection":[{"href":"https:\/\/poetas01.webparaprueba.com\/inicio\/index.php?rest_route=\/wp\/v2\/pages"}],"about":[{"href":"https:\/\/poetas01.webparaprueba.com\/inicio\/index.php?rest_route=\/wp\/v2\/types\/page"}],"author":[{"embeddable":true,"href":"https:\/\/poetas01.webparaprueba.com\/inicio\/index.php?rest_route=\/wp\/v2\/users\/1"}],"replies":[{"embeddable":true,"href":"https:\/\/poetas01.webparaprueba.com\/inicio\/index.php?rest_route=%2Fwp%2Fv2%2Fcomments&post=7"}],"version-history":[{"count":21,"href":"https:\/\/poetas01.webparaprueba.com\/inicio\/index.php?rest_route=\/wp\/v2\/pages\/7\/revisions"}],"predecessor-version":[{"id":591,"href":"https:\/\/poetas01.webparaprueba.com\/inicio\/index.php?rest_route=\/wp\/v2\/pages\/7\/revisions\/591"}],"wp:attachment":[{"href":"https:\/\/poetas01.webparaprueba.com\/inicio\/index.php?rest_route=%2Fwp%2Fv2%2Fmedia&parent=7"}],"curies":[{"name":"wp","href":"https:\/\/api.w.org\/{rel}","templated":true}]}}